{"id":459,"date":"2016-03-26T19:10:15","date_gmt":"2016-03-26T18:10:15","guid":{"rendered":"http:\/\/www.lionspescia.it\/?page_id=459"},"modified":"2016-04-07T16:42:05","modified_gmt":"2016-04-07T14:42:05","slug":"annata-lionistica-20132014","status":"publish","type":"page","link":"https:\/\/www.lionspescia.it\/?page_id=459","title":{"rendered":"Annata Lionistica 2013\/2014"},"content":{"rendered":"<p><span style=\"color: #808080;\"><span style=\"color: #333333;\">Lo staff:<\/span><br \/>\n<\/span><\/p>\n<ul>\n<li><span style=\"color: #808080;\">Vittoriano Raffaelli &#8211; Presidente<\/span><\/li>\n<li><span style=\"color: #808080;\">Alessandro Taddei &#8211; Past Presidente<\/span><\/li>\n<li><span style=\"color: #808080;\">Alessandro Andreani &#8211; 1\u00b0 Vice Presidente<\/span><\/li>\n<li><span style=\"color: #808080;\">Guja Guidi &#8211; 2\u00b0 Vice Presidente<\/span><\/li>\n<li><span style=\"color: #808080;\">Antonio Grassotti &#8211; 3\u00b0 Vice Presidente<\/span><\/li>\n<li><span style=\"color: #808080;\">Alessandro Taddei &#8211; Segretario<br \/>\n<\/span><\/li>\n<li><span style=\"color: #808080;\">Claudio Benedetti &#8211; Cerimoniere<br \/>\n<\/span><\/li>\n<li><span style=\"color: #808080;\">Fabio Angeli &#8211; Tesoriere<br \/>\n<\/span><\/li>\n<li><span style=\"color: #808080;\">Pier Luigi Visani <\/span><span style=\"color: #808080;\">&#8211; Censore<br \/>\n<\/span><\/li>\n<li><span style=\"color: #808080;\">Cristina Pantera &#8211; Consigliere<\/span><\/li>\n<li><span style=\"color: #808080;\">Francesco Bellandi &#8211; Consigliere<br \/>\n<\/span><\/li>\n<li><span style=\"color: #808080;\">Lio Moroni &#8211; Consigliere<\/span><\/li>\n<li><span style=\"color: #808080;\">Gianpaolo Pieraccini- Consigliere<br \/>\n<\/span><\/li>\n<li><span style=\"color: #808080;\">Alessandro Andreani &#8211; Leo Advisor<\/span><\/li>\n<li><span style=\"color: #808080;\">Guja Guidi &#8211; Addetto stampa<\/span><\/li>\n<li><span style=\"color: #808080;\">Marco Pippi &#8211; Presidente comitato soci<\/span><\/li>\n<li><span style=\"color: #808080;\">Lio Moroni &#8211; Vice Presidente comitato soci<\/span><\/li>\n<li><span style=\"color: #808080;\">Alessandro Taddei &#8211; Componente comitato soci<\/span><\/li>\n<li><span style=\"color: #808080;\">Daniela Lari &#8211; Revisore dei conti<\/span><\/li>\n<li><span style=\"color: #808080;\">Gino Briganti &#8211; Revisore dei conti<\/span><\/li>\n<li><span style=\"color: #808080;\">Stefano Latini &#8211; Revisore dei conti<\/span><\/li>\n<li><span style=\"color: #808080;\">Francesco Guidi &#8211; Responsabile IT<\/span><\/li>\n<li><span style=\"color: #808080;\">Attilio Nerla &#8211; Addetto GLT e GMT<br \/>\n<\/span><\/li>\n<\/ul>\n<p><span style=\"color: #333333;\">Le principali attivit\u00e0 svolte:<br \/>\n<\/span><\/p>\n<ul>\n<li style=\"text-align: justify;\"><span style=\"color: #808080;\">Il nostro impegno \u00e8 iniziato con il service \u201cMobilit\u00e0 pi\u00f9 semplice\u201d donando una motocarrozzetta elettrica ad un disabile da ictus, \u00e8 proseguito con il service \u201cUn Natale pi\u00f9 sereno\u201d dove, attraverso le Parrocchie abbiamo distribuito oltre 30 buoni spesa da 50,00 \u20ac a famiglie disagiate del nostro territorio. Sicuramente il service \u201cRitorna l\u2019informatica rubata\u201d con la donazione alla scuola Simonetti a Pescia di oltre 11 computer multimediali e 2 proiettori per LIM \u00e8 stato quello pi\u00f9 impegnativo ma di maggiore soddisfazione perch\u00e9 orientato ai bambini.<\/span><\/li>\n<li style=\"text-align: justify;\"><span style=\"color: #808080;\">Con la registrazione dell\u2019audiolibro \u201cLe avventure di Pinocchio\u201d di Carlo Lorenzini, a cura dell\u2019amica Carla Papini Romagnani, sotto la direzione del Club Valdichiana I Chiari, abbiamo aderito al service \u201cUn Libro Parlante\u201d del Distretto 108La Toscana.<\/span><\/li>\n<li style=\"text-align: justify;\"><span style=\"color: #808080;\">Abbiamo partecipato al consueto concorso internazionale \u201cUn Poster per la Pace\u201d: oltre 240 le opere provenienti da quattro scuole del nostro comprensorio. Anna Benedetti, della III E dell\u2019Istituto Comprensivo Pescia 1, vincitrice a livello locale, ha avuto una speciale menzione anche a livello Distrettuale.<\/span><\/li>\n<li style=\"text-align: justify;\"><span style=\"color: #808080;\">Abbiamo raccolto oltre 500 paia di occhiali grazie anche al particolare impegno di Elisa Stiavelli Bellandi, aderito al Memorial Roberto Palagi &#8211; gara di pesca per diversamente abili ai laghetti Isola Bassa di Lammari e dato un piccolo contributo all\u2019associazione \u201cI colori della Ceiba\u201d che si prefigge di costruire un asilo per bambini poveri nella periferia di Cusco in Per\u00f9.<\/span><\/li>\n<li style=\"text-align: justify;\"><span style=\"color: #808080;\">Legati da un particolare affetto al service \u201cI Giovani e la sicurezza stradale\u201d pensato dal nostro Club nell\u2019anno 2007-2008 dall\u2019allora presidente Taddei (direi da sua moglie Ilaria), insieme ai Club di zona \u201cG\u201d abbiamo organizzato un concorso per gli alunni delle scuole medie superiori dove i vincitori sono stati decretati attraverso voti raccolti su Facebook; tra questi i ragazzi l\u2019Istituto Agrario Anzilotti di Pescia che si sono classificati al quarto posto.<\/span><\/li>\n<li style=\"text-align: justify;\"><span style=\"color: #808080;\">Certo non poteva mancare il service ormai pi\u00f9 che ventennale denominato \u201cGlacoma Day\u201d, oltre 140 pazienti visitati per la prevenzione di questa patologia. La donazione di un defibrillatore automatico (DAE) alla Protezione Civile di Pescia \u00e8 stata un ulteriore contributo alla cittadinanza.<\/span><\/li>\n<li style=\"text-align: justify;\"><span style=\"color: #808080;\">In piccola parte ed insieme al Leo Club Pescia Valdinievole abbiamo contribuito al progetto \u201cSecondo me, terza et\u00e0\u2026\u201d presentato dalla Caritas Diocesana di Pescia alla Fondazione Cassa di Risparmio di Pistoia per ottenere un contributo a sostegno delle fasce deboli della Valdinievole. Stiamo collocando arredi urbani nel paese di Collodi dove, non appena la burocrazia avr\u00e0 fatto il suo corso, saremo in grado di costruire alcuni scivoli che permetteranno\u00a0di accedere ai marciapiedi anche ai disabili. Siamo stati organizzatori di eventi culturali quali conferenze come \u201cIctus cerebrale: cause e conseguenze\u201d in collaborazione con l\u2019Associazione Alice, i cui relatori sono stati il Dott. Gino Volpi, la Dott.ssa Chiara Sonnoli, il Dott. Roberto Giovannetti, La Dott.ssa Mila Straniti, la Dott.ssa Grazia Panigada, il Dott. Franco Giuntoli e ancora \u00a0\u201cDonne e uomini differentemente pari\u201d in collaborazione con l\u2019Associazione \u201cLibere tutte\u2013365 giorni al femminile Onlus\u201d a cura della Dott.ssa Giovanna Sottosanti, la Dott.ssa Donella Baronti, la Dott.ssa Giulia Frateschi, il Dott. Fabio Roia e per finire \u201c I Cavalieri Templari, gli Ospitalieri e la via Francigena\u201d a cura dell\u2019Arch. Renzo Ferrari.<\/span><\/li>\n<li style=\"text-align: justify;\"><span style=\"color: #808080;\">Il \u201cPremio Lions Pinocchio di Collodi 2014\u201d arrivato alla sua 13a edizione, ha visto premiati il suo ideatore e fondatore Marco Pippi oltre a Giacomo Bacci e Benedetto Piccinini, figure di rilievo nell\u2019ambito del comitato organizzatore dei mondiali di ciclismo che sono riusciti a portare l\u2019importante evento sulle strade di Collodi.<\/span><\/li>\n<li style=\"text-align: justify;\"><span style=\"color: #808080;\">La raccolta fondi, oltre alle donazioni ricevute attraverso la Onlus Amo Dell\u2019Amore, ha richiesto diverse iniziative tra cui: il \u201c20\u00b0 Lions Pescia Golf Trophy\u201d alla Pievaccia, la \u201cCena con delitto\u201d al Ristorante Villa Garzoni, la \u201cGiornata dei giochi: burraco e tombola\u201d e la \u201clotteria di Natale\u201d nella sede di Villa delle Rose e \u201cCalici Lions \u2013 un sorso di solidariet\u00e0\u201d alla fattoria di Fubbiano con l\u2019enologo Matteo Malpassi.<\/span><\/li>\n<li style=\"text-align: justify;\"><span style=\"color: #808080;\">Abbiamo fatto anche due gite sociali, una \u201cvirtuale\u201d come si conf\u00e0 ad un informatico: \u201cL\u2019Oktoberfest si! ma\u2026 al Kapuzziner di Villa Campanile\u201d e l\u2019altra pi\u00f9 che una gita, un viaggio culturale denso di emozioni in Polonia dove abbiamo visitato Cracovia, Auschwitz-Birkenau, Wieliczka e Wadowice.<\/span><\/li>\n<\/ul>\n<p style=\"text-align: justify;\">\n","protected":false},"excerpt":{"rendered":"<p>Lo staff: Vittoriano Raffaelli &#8211; Presidente Alessandro Taddei &#8211; Past Presidente Alessandro Andreani &#8211; 1\u00b0 Vice Presidente Guja Guidi &#8211; 2\u00b0 Vice Presidente Antonio Grassotti &#8211; 3\u00b0 Vice Presidente Alessandro Taddei &#8211; Segretario Claudio Benedetti &#8211; Cerimoniere Fabio Angeli &#8211; Tesoriere Pier Luigi Visani &#8211; [&hellip;]<\/p>\n","protected":false},"author":2,"featured_media":460,"parent":354,"menu_order":10,"comment_status":"closed","ping_status":"closed","template":"","meta":{"footnotes":""},"class_list":["post-459","page","type-page","status-publish","has-post-thumbnail","hentry"],"yoast_head":"<!-- This site is optimized with the Yoast SEO plugin v23.0 - https:\/\/yoast.com\/wordpress\/plugins\/seo\/ -->\n<title>Annata Lionistica 2013\/2014 - Lions Club Pescia<\/title>\n<meta name=\"robots\" content=\"index, follow, max-snippet:-1, max-image-preview:large, max-video-preview:-1\" \/>\n<link rel=\"canonical\" href=\"https:\/\/www.lionspescia.it\/?page_id=459\" \/>\n<meta property=\"og:locale\" content=\"it_IT\" \/>\n<meta property=\"og:type\" content=\"article\" \/>\n<meta property=\"og:title\" content=\"Annata Lionistica 2013\/2014 - Lions Club Pescia\" \/>\n<meta property=\"og:description\" content=\"Lo staff: Vittoriano Raffaelli &#8211; Presidente Alessandro Taddei &#8211; Past Presidente Alessandro Andreani &#8211; 1\u00b0 Vice Presidente Guja Guidi &#8211; 2\u00b0 Vice Presidente Antonio Grassotti &#8211; 3\u00b0 Vice Presidente Alessandro Taddei &#8211; Segretario Claudio Benedetti &#8211; Cerimoniere Fabio Angeli &#8211; Tesoriere Pier Luigi Visani &#8211; [&hellip;]\" \/>\n<meta property=\"og:url\" content=\"https:\/\/www.lionspescia.it\/?page_id=459\" \/>\n<meta property=\"og:site_name\" content=\"Lions Club Pescia\" \/>\n<meta property=\"article:modified_time\" content=\"2016-04-07T14:42:05+00:00\" \/>\n<meta property=\"og:image\" content=\"https:\/\/www.lionspescia.it\/wp-content\/uploads\/2016\/03\/raffaelli-e1460039926994.jpg\" \/>\n\t<meta property=\"og:image:width\" content=\"220\" \/>\n\t<meta property=\"og:image:height\" content=\"325\" \/>\n\t<meta property=\"og:image:type\" content=\"image\/jpeg\" \/>\n<meta name=\"twitter:card\" content=\"summary_large_image\" \/>\n<meta name=\"twitter:label1\" content=\"Tempo di lettura stimato\" \/>\n\t<meta name=\"twitter:data1\" content=\"4 minuti\" \/>\n<script type=\"application\/ld+json\" class=\"yoast-schema-graph\">{\"@context\":\"https:\/\/schema.org\",\"@graph\":[{\"@type\":\"WebPage\",\"@id\":\"https:\/\/www.lionspescia.it\/?page_id=459\",\"url\":\"https:\/\/www.lionspescia.it\/?page_id=459\",\"name\":\"Annata Lionistica 2013\/2014 - Lions Club Pescia\",\"isPartOf\":{\"@id\":\"https:\/\/www.lionspescia.it\/#website\"},\"primaryImageOfPage\":{\"@id\":\"https:\/\/www.lionspescia.it\/?page_id=459#primaryimage\"},\"image\":{\"@id\":\"https:\/\/www.lionspescia.it\/?page_id=459#primaryimage\"},\"thumbnailUrl\":\"https:\/\/www.lionspescia.it\/wp-content\/uploads\/2016\/03\/raffaelli-e1460039926994.jpg\",\"datePublished\":\"2016-03-26T18:10:15+00:00\",\"dateModified\":\"2016-04-07T14:42:05+00:00\",\"breadcrumb\":{\"@id\":\"https:\/\/www.lionspescia.it\/?page_id=459#breadcrumb\"},\"inLanguage\":\"it-IT\",\"potentialAction\":[{\"@type\":\"ReadAction\",\"target\":[\"https:\/\/www.lionspescia.it\/?page_id=459\"]}]},{\"@type\":\"ImageObject\",\"inLanguage\":\"it-IT\",\"@id\":\"https:\/\/www.lionspescia.it\/?page_id=459#primaryimage\",\"url\":\"https:\/\/www.lionspescia.it\/wp-content\/uploads\/2016\/03\/raffaelli-e1460039926994.jpg\",\"contentUrl\":\"https:\/\/www.lionspescia.it\/wp-content\/uploads\/2016\/03\/raffaelli-e1460039926994.jpg\",\"width\":220,\"height\":325},{\"@type\":\"BreadcrumbList\",\"@id\":\"https:\/\/www.lionspescia.it\/?page_id=459#breadcrumb\",\"itemListElement\":[{\"@type\":\"ListItem\",\"position\":1,\"name\":\"Home\",\"item\":\"https:\/\/www.lionspescia.it\/\"},{\"@type\":\"ListItem\",\"position\":2,\"name\":\"Attivit\u00e0\",\"item\":\"https:\/\/www.lionspescia.it\/?page_id=8\"},{\"@type\":\"ListItem\",\"position\":3,\"name\":\"Le nostre attivit\u00e0 negli anni&#8230;\",\"item\":\"https:\/\/www.lionspescia.it\/?page_id=354\"},{\"@type\":\"ListItem\",\"position\":4,\"name\":\"Annata Lionistica 2013\/2014\"}]},{\"@type\":\"WebSite\",\"@id\":\"https:\/\/www.lionspescia.it\/#website\",\"url\":\"https:\/\/www.lionspescia.it\/\",\"name\":\"Lions Club Pescia\",\"description\":\"Il sito web ufficiale del Lions Club Pescia\",\"potentialAction\":[{\"@type\":\"SearchAction\",\"target\":{\"@type\":\"EntryPoint\",\"urlTemplate\":\"https:\/\/www.lionspescia.it\/?s={search_term_string}\"},\"query-input\":\"required name=search_term_string\"}],\"inLanguage\":\"it-IT\"}]}<\/script>\n<!-- \/ Yoast SEO plugin. -->","yoast_head_json":{"title":"Annata Lionistica 2013\/2014 - Lions Club Pescia","robots":{"index":"index","follow":"follow","max-snippet":"max-snippet:-1","max-image-preview":"max-image-preview:large","max-video-preview":"max-video-preview:-1"},"canonical":"https:\/\/www.lionspescia.it\/?page_id=459","og_locale":"it_IT","og_type":"article","og_title":"Annata Lionistica 2013\/2014 - Lions Club Pescia","og_description":"Lo staff: Vittoriano Raffaelli &#8211; Presidente Alessandro Taddei &#8211; Past Presidente Alessandro Andreani &#8211; 1\u00b0 Vice Presidente Guja Guidi &#8211; 2\u00b0 Vice Presidente Antonio Grassotti &#8211; 3\u00b0 Vice Presidente Alessandro Taddei &#8211; Segretario Claudio Benedetti &#8211; Cerimoniere Fabio Angeli &#8211; Tesoriere Pier Luigi Visani &#8211; [&hellip;]","og_url":"https:\/\/www.lionspescia.it\/?page_id=459","og_site_name":"Lions Club Pescia","article_modified_time":"2016-04-07T14:42:05+00:00","og_image":[{"width":220,"height":325,"url":"https:\/\/www.lionspescia.it\/wp-content\/uploads\/2016\/03\/raffaelli-e1460039926994.jpg","type":"image\/jpeg"}],"twitter_card":"summary_large_image","twitter_misc":{"Tempo di lettura stimato":"4 minuti"},"schema":{"@context":"https:\/\/schema.org","@graph":[{"@type":"WebPage","@id":"https:\/\/www.lionspescia.it\/?page_id=459","url":"https:\/\/www.lionspescia.it\/?page_id=459","name":"Annata Lionistica 2013\/2014 - Lions Club Pescia","isPartOf":{"@id":"https:\/\/www.lionspescia.it\/#website"},"primaryImageOfPage":{"@id":"https:\/\/www.lionspescia.it\/?page_id=459#primaryimage"},"image":{"@id":"https:\/\/www.lionspescia.it\/?page_id=459#primaryimage"},"thumbnailUrl":"https:\/\/www.lionspescia.it\/wp-content\/uploads\/2016\/03\/raffaelli-e1460039926994.jpg","datePublished":"2016-03-26T18:10:15+00:00","dateModified":"2016-04-07T14:42:05+00:00","breadcrumb":{"@id":"https:\/\/www.lionspescia.it\/?page_id=459#breadcrumb"},"inLanguage":"it-IT","potentialAction":[{"@type":"ReadAction","target":["https:\/\/www.lionspescia.it\/?page_id=459"]}]},{"@type":"ImageObject","inLanguage":"it-IT","@id":"https:\/\/www.lionspescia.it\/?page_id=459#primaryimage","url":"https:\/\/www.lionspescia.it\/wp-content\/uploads\/2016\/03\/raffaelli-e1460039926994.jpg","contentUrl":"https:\/\/www.lionspescia.it\/wp-content\/uploads\/2016\/03\/raffaelli-e1460039926994.jpg","width":220,"height":325},{"@type":"BreadcrumbList","@id":"https:\/\/www.lionspescia.it\/?page_id=459#breadcrumb","itemListElement":[{"@type":"ListItem","position":1,"name":"Home","item":"https:\/\/www.lionspescia.it\/"},{"@type":"ListItem","position":2,"name":"Attivit\u00e0","item":"https:\/\/www.lionspescia.it\/?page_id=8"},{"@type":"ListItem","position":3,"name":"Le nostre attivit\u00e0 negli anni&#8230;","item":"https:\/\/www.lionspescia.it\/?page_id=354"},{"@type":"ListItem","position":4,"name":"Annata Lionistica 2013\/2014"}]},{"@type":"WebSite","@id":"https:\/\/www.lionspescia.it\/#website","url":"https:\/\/www.lionspescia.it\/","name":"Lions Club Pescia","description":"Il sito web ufficiale del Lions Club Pescia","potentialAction":[{"@type":"SearchAction","target":{"@type":"EntryPoint","urlTemplate":"https:\/\/www.lionspescia.it\/?s={search_term_string}"},"query-input":"required name=search_term_string"}],"inLanguage":"it-IT"}]}},"_links":{"self":[{"href":"https:\/\/www.lionspescia.it\/index.php?rest_route=\/wp\/v2\/pages\/459","targetHints":{"allow":["GET"]}}],"collection":[{"href":"https:\/\/www.lionspescia.it\/index.php?rest_route=\/wp\/v2\/pages"}],"about":[{"href":"https:\/\/www.lionspescia.it\/index.php?rest_route=\/wp\/v2\/types\/page"}],"author":[{"embeddable":true,"href":"https:\/\/www.lionspescia.it\/index.php?rest_route=\/wp\/v2\/users\/2"}],"replies":[{"embeddable":true,"href":"https:\/\/www.lionspescia.it\/index.php?rest_route=%2Fwp%2Fv2%2Fcomments&post=459"}],"version-history":[{"count":2,"href":"https:\/\/www.lionspescia.it\/index.php?rest_route=\/wp\/v2\/pages\/459\/revisions"}],"predecessor-version":[{"id":601,"href":"https:\/\/www.lionspescia.it\/index.php?rest_route=\/wp\/v2\/pages\/459\/revisions\/601"}],"up":[{"embeddable":true,"href":"https:\/\/www.lionspescia.it\/index.php?rest_route=\/wp\/v2\/pages\/354"}],"wp:featuredmedia":[{"embeddable":true,"href":"https:\/\/www.lionspescia.it\/index.php?rest_route=\/wp\/v2\/media\/460"}],"wp:attachment":[{"href":"https:\/\/www.lionspescia.it\/index.php?rest_route=%2Fwp%2Fv2%2Fmedia&parent=459"}],"curies":[{"name":"wp","href":"https:\/\/api.w.org\/{rel}","templated":true}]}}