{"id":592,"date":"2016-04-07T16:18:15","date_gmt":"2016-04-07T14:18:15","guid":{"rendered":"http:\/\/www.lionspescia.it\/?page_id=592"},"modified":"2017-07-08T19:37:31","modified_gmt":"2017-07-08T17:37:31","slug":"annata-lionistica-20152016","status":"publish","type":"page","link":"https:\/\/www.lionspescia.it\/?page_id=592","title":{"rendered":"Annata Lionistica 2016\/2017"},"content":{"rendered":"<p><span style=\"color: #808080;\"><span style=\"color: #333333;\">Lo staff:<\/span><br \/>\n<\/span><\/p>\n<ul>\n<li><span style=\"color: #808080;\">Stefano Latini &#8211; Presidente<\/span><\/li>\n<li><span style=\"color: #808080;\">Guja Guidi &#8211; Past Presidente<\/span><\/li>\n<li><span style=\"color: #808080;\">Antonio Grassotti &#8211; 1\u00b0 Vice Presidente<\/span><\/li>\n<li><span style=\"color: #808080;\">Luca Biscioni &#8211; 2\u00b0 Vice Presidente<\/span><\/li>\n<li><span style=\"color: #808080;\">Antonio Grassotti &#8211; Segretario<br \/>\n<\/span><\/li>\n<li><span style=\"color: #808080;\">Gino Briganti &#8211; Cerimoniere<br \/>\n<\/span><\/li>\n<li><span style=\"color: #808080;\">Daniela Lari &#8211; Tesoriere<br \/>\n<\/span><\/li>\n<li><span style=\"color: #808080;\">Marco Baldanzi <\/span><span style=\"color: #808080;\">&#8211; Censore<br \/>\n<\/span><\/li>\n<li><span style=\"color: #808080;\">Fabio Angeli &#8211; Consigliere<\/span><\/li>\n<li><span style=\"color: #808080;\">Marco Borgioli &#8211; Consigliere<br \/>\n<\/span><\/li>\n<li><span style=\"color: #808080;\">Roberto Salani &#8211; Consigliere<\/span><\/li>\n<li><span style=\"color: #808080;\">Alessandro Taddei- Consigliere<br \/>\n<\/span><\/li>\n<li><span style=\"color: #808080;\">Beatrice Giorgini &#8211; Leo Advisor<\/span><\/li>\n<li><span style=\"color: #808080;\">Rita Elia &#8211; Addetto stampa<\/span><\/li>\n<li><span style=\"color: #808080;\">Vittoriano Raffaelli &#8211; Presidente comitato soci<\/span><\/li>\n<li><span style=\"color: #808080;\">Alessandro Andreani &#8211; Componente comitato soci<\/span><\/li>\n<li><span style=\"color: #808080;\">Guja Guidi &#8211; Componente comitato soci<\/span><\/li>\n<li><span style=\"color: #808080;\">Antonio Grassotti &#8211; Componente comitato soci<\/span><\/li>\n<li><span style=\"color: #808080;\">Cristina Pantera &#8211; Revisore dei conti<\/span><\/li>\n<li><span style=\"color: #808080;\">Vincenzo Pace &#8211; Revisore dei conti<\/span><\/li>\n<li><span style=\"color: #808080;\">Sergio Sari &#8211; Revisore dei conti<\/span><\/li>\n<li><span style=\"color: #808080;\">Maurizio Sonnoli &#8211; Responsabile IT<\/span><\/li>\n<li><span style=\"color: #808080;\">Attilio Nerla &#8211; Addetto GLT e GMT<br \/>\n<\/span><\/li>\n<\/ul>\n<p><span style=\"color: #333333;\">Le principali attivit\u00e0 svolte:<br \/>\n<\/span><\/p>\n<p><span style=\"color: #808080;\">Cari amici,<\/span><\/p>\n<p><span style=\"color: #808080;\">quando si fanno i saluti per la fine, che poi tanto fine non \u00e8 nel senso che in qualche modo -nel mio caso- l\u2019esperienza proseguir\u00e0, di qualche iniziativa di breve o lungo corso, si rischia inevitabilmente di cadere nella retorica ed io in questa retorica non ci voglio cascare.<\/span><\/p>\n<p><span style=\"color: #808080;\">Dall\u2019inizio dell\u2019annata siamo ritornati nella nostra originaria zona della lucchesia lasciando i Club della Provincia di Pistoia dove eravamo stati inseriti esattamente 10 anni fa e, guarda caso, anche allora facevo il Presidente. Non abbiamo faticato molto per reinserirci nel nuovo gruppo perch\u00e9 prima ci siamo fatti conoscere, poi apprezzare ed infine abbiamo anche fraternizzato.<\/span><\/p>\n<p><span style=\"color: #808080;\">Come in tutte le attivit\u00e0 a fine anno si fa un bilancio su quello che si \u00e8 riusciti a fare, si recrimina su quello che avrebbe potuto essere fatto e si ringrazia chi ci ha aiutato.<\/span><\/p>\n<p><span style=\"color: #808080;\">Orbene, quello che si \u00e8 riusciti a fare \u00e8 tanto: ho oltre 25 iniziative fra service, conferenze, offerte ecc&#8230; Se non vi fidate vi mando il dettaglio a casa. Abbiamo surclassato quanto ci veniva richiesto nelle 4 aree del centenario: vista-fame- ambiente-giovani.<\/span><\/p>\n<p style=\"color: #808080;\"><span style=\"color: #808080;\">\u00a0Mi limito ad indicare le cose pi\u00f9 significative mentre per i dettagli c\u2019\u00e8 il librettino fatto dalla Nadia con amore che quanto vi dir\u00f2 in questa cena conclusiva.<\/span><\/p>\n<p><span style=\"color: #808080;\">Siamo partiti col defibrillatore al GS Ricciano,<\/span><\/p>\n<p><span style=\"color: #808080;\">poi con la conferenza \u201cViva Sofia- Due mani per salvare la vita\u201d,<\/span><\/p>\n<p><span style=\"color: #808080;\">poi il service del Club alla Misericordia di Uzzano\/centro ascolto antiusura con 4 computer e arredamenti,<\/span><\/p>\n<p><span style=\"color: #808080;\">abbiamo continuato con i pacchi della solidariet\u00e0 a Natale e Pasqua fatti con l\u2019aiuto della nostra Onlus e da soli, conferenza Interconnettiamoci \u2026ma con la testa, conferenza su lotta ai tumori e psiconcologia,<\/span><\/p>\n<p><span style=\"color: #808080;\">abbiamo poi effettuato una donazione al Comune di Pescia di panchine e cestini per l\u2019offerta di simboli Lionistici alla nostra citt\u00e0,<\/span><\/p>\n<p><span style=\"color: #808080;\">Premio Pinocchio consegnato al m\u00b0 Silvano Campeggi, artista di fama mondiale,<\/span><\/p>\n<p><span style=\"color: #808080;\">offerta cani guida, giornate del glaucoma, raccolta occhiali usati e sono solo i pi\u00f9 importanti.<\/span><\/p>\n<p><span style=\"color: #808080;\">Ci sono per\u00f2 tre capisaldi che ci fanno emergere nel campo della solidariet\u00e0, della sanit\u00e0, dei giovani: nei tre campi il Club di Pescia \u00e8 stato di assoluta eccellenza:<\/span><\/p>\n<p><span style=\"color: #808080;\">Terremoto:<\/span><\/p>\n<ul>\n<li><span style=\"color: #808080;\">abbiamo donato 3.300\u20ac in contanti,<\/span><\/li>\n<li><span style=\"color: #808080;\">abbiamo acquistato 200 monetine di Amatrice per 1000\u20ac per la ricostruzione,<\/span><\/li>\n<li><span style=\"color: #808080;\">abbiamo regalato\/offerto due roulotte,<\/span><\/li>\n<li><span style=\"color: #808080;\">abbiamo mandato due forni a microonde nuovi a Norcia,<\/span><\/li>\n<li><span style=\"color: #808080;\">abbiamo acquistato prodotti alimentari delle zone terremotate di Norcia.<\/span><\/li>\n<\/ul>\n<p><span style=\"color: #808080;\">Telemedicina:<\/span><\/p>\n<ul>\n<li><span style=\"color: #808080;\">grazie all\u2019aiuto di sponsor e del socio Taddei sono state allestite 20 postazioni di telemedicina per il controllo a distanza di criticit\u00e0 cardiologiche pediatriche tramite l\u2019Ospedale del Cuore di Massa Carrara.<\/span><\/li>\n<\/ul>\n<p><span style=\"color: #808080;\">Poster della Pace:<\/span><\/p>\n<ul>\n<li><span style=\"color: #808080;\">siamo arrivati secondi nel mondo col disegno \u00abUn\u2019esplosione di Pace\u201d di Irene Morittu. Vuol dire che abbiamo vinto a livello locale, distrettuale, multidistrettuale, internazionale. Una bella soddisfazione per il Club ed il nostro Distretto: non era mai successo fino ad ora.<\/span><\/li>\n<\/ul>\n<p><span style=\"color: #808080;\">Ricordo le gite a Modena e Torino\/Langhe per rinfrancare lo spirito e fraternizzare cui contribuir\u00e0 la prossima \u201cpizzata\u201d offerta dal Presidente.<\/span><\/p>\n<p><span style=\"color: #808080;\">Ricordo le gare di golf-tombola-burraco per raccolta fondi.<\/span><\/p>\n<p><span style=\"color: #808080;\">Non credo di avere da recriminare su niente ma siete voi, soci, i miei giudici di gara. Ho da ringraziare molti, tutti voi: comincio da mia moglie Emanuela o poi il mio staff: Grassotti-Briganti-Lari-Sonnoli.<\/span><\/p>\n<p><span style=\"color: #808080;\">altri soci, uno per uno, li ho ringraziati ufficialmente durante la cerimonia del pasaggio della campana.<\/span><\/p>\n<p><span style=\"color: #808080;\">Auguro ad Antonio che mi sostituir\u00e0 le migliori fortune lionistiche ma, siccome sono molto modesto, la sua migliore fortuna \u00e8 quella di avermi come segretario per il prossimo anno.<\/span><\/p>\n<p><span style=\"color: #808080;\">Sempre tenendo altissimo il vessillo del Club di Pescia vi abbraccio tutti.<\/span><\/p>\n<p><em><span style=\"color: #808080;\"><b>Stefano Lat<\/b><b>i<\/b><b>n<\/b><b>i<\/b><\/span><\/em><\/p>\n<p style=\"color: #808080;\">\n","protected":false},"excerpt":{"rendered":"<p>Lo staff: Stefano Latini &#8211; Presidente Guja Guidi &#8211; Past Presidente Antonio Grassotti &#8211; 1\u00b0 Vice Presidente Luca Biscioni &#8211; 2\u00b0 Vice Presidente Antonio Grassotti &#8211; Segretario Gino Briganti &#8211; Cerimoniere Daniela Lari &#8211; Tesoriere Marco Baldanzi &#8211; Censore Fabio Angeli &#8211; Consigliere Marco Borgioli [&hellip;]<\/p>\n","protected":false},"author":2,"featured_media":439,"parent":354,"menu_order":10,"comment_status":"closed","ping_status":"closed","template":"","meta":{"footnotes":""},"class_list":["post-592","page","type-page","status-publish","has-post-thumbnail","hentry"],"yoast_head":"<!-- This site is optimized with the Yoast SEO plugin v23.0 - https:\/\/yoast.com\/wordpress\/plugins\/seo\/ -->\n<title>Annata Lionistica 2016\/2017 - Lions Club Pescia<\/title>\n<meta name=\"robots\" content=\"index, follow, max-snippet:-1, max-image-preview:large, max-video-preview:-1\" \/>\n<link rel=\"canonical\" href=\"https:\/\/www.lionspescia.it\/?page_id=592\" \/>\n<meta property=\"og:locale\" content=\"it_IT\" \/>\n<meta property=\"og:type\" content=\"article\" \/>\n<meta property=\"og:title\" content=\"Annata Lionistica 2016\/2017 - Lions Club Pescia\" \/>\n<meta property=\"og:description\" content=\"Lo staff: Stefano Latini &#8211; Presidente Guja Guidi &#8211; Past Presidente Antonio Grassotti &#8211; 1\u00b0 Vice Presidente Luca Biscioni &#8211; 2\u00b0 Vice Presidente Antonio Grassotti &#8211; Segretario Gino Briganti &#8211; Cerimoniere Daniela Lari &#8211; Tesoriere Marco Baldanzi &#8211; Censore Fabio Angeli &#8211; Consigliere Marco Borgioli [&hellip;]\" \/>\n<meta property=\"og:url\" content=\"https:\/\/www.lionspescia.it\/?page_id=592\" \/>\n<meta property=\"og:site_name\" content=\"Lions Club Pescia\" \/>\n<meta property=\"article:modified_time\" content=\"2017-07-08T17:37:31+00:00\" \/>\n<meta property=\"og:image\" content=\"https:\/\/www.lionspescia.it\/wp-content\/uploads\/2016\/03\/latini.jpg\" \/>\n\t<meta property=\"og:image:width\" content=\"150\" \/>\n\t<meta property=\"og:image:height\" content=\"215\" \/>\n\t<meta property=\"og:image:type\" content=\"image\/jpeg\" \/>\n<meta name=\"twitter:card\" content=\"summary_large_image\" \/>\n<meta name=\"twitter:label1\" content=\"Tempo di lettura stimato\" \/>\n\t<meta name=\"twitter:data1\" content=\"4 minuti\" \/>\n<script type=\"application\/ld+json\" class=\"yoast-schema-graph\">{\"@context\":\"https:\/\/schema.org\",\"@graph\":[{\"@type\":\"WebPage\",\"@id\":\"https:\/\/www.lionspescia.it\/?page_id=592\",\"url\":\"https:\/\/www.lionspescia.it\/?page_id=592\",\"name\":\"Annata Lionistica 2016\/2017 - Lions Club Pescia\",\"isPartOf\":{\"@id\":\"https:\/\/www.lionspescia.it\/#website\"},\"primaryImageOfPage\":{\"@id\":\"https:\/\/www.lionspescia.it\/?page_id=592#primaryimage\"},\"image\":{\"@id\":\"https:\/\/www.lionspescia.it\/?page_id=592#primaryimage\"},\"thumbnailUrl\":\"https:\/\/www.lionspescia.it\/wp-content\/uploads\/2016\/03\/latini.jpg\",\"datePublished\":\"2016-04-07T14:18:15+00:00\",\"dateModified\":\"2017-07-08T17:37:31+00:00\",\"breadcrumb\":{\"@id\":\"https:\/\/www.lionspescia.it\/?page_id=592#breadcrumb\"},\"inLanguage\":\"it-IT\",\"potentialAction\":[{\"@type\":\"ReadAction\",\"target\":[\"https:\/\/www.lionspescia.it\/?page_id=592\"]}]},{\"@type\":\"ImageObject\",\"inLanguage\":\"it-IT\",\"@id\":\"https:\/\/www.lionspescia.it\/?page_id=592#primaryimage\",\"url\":\"https:\/\/www.lionspescia.it\/wp-content\/uploads\/2016\/03\/latini.jpg\",\"contentUrl\":\"https:\/\/www.lionspescia.it\/wp-content\/uploads\/2016\/03\/latini.jpg\",\"width\":150,\"height\":215},{\"@type\":\"BreadcrumbList\",\"@id\":\"https:\/\/www.lionspescia.it\/?page_id=592#breadcrumb\",\"itemListElement\":[{\"@type\":\"ListItem\",\"position\":1,\"name\":\"Home\",\"item\":\"https:\/\/www.lionspescia.it\/\"},{\"@type\":\"ListItem\",\"position\":2,\"name\":\"Attivit\u00e0\",\"item\":\"https:\/\/www.lionspescia.it\/?page_id=8\"},{\"@type\":\"ListItem\",\"position\":3,\"name\":\"Le nostre attivit\u00e0 negli anni&#8230;\",\"item\":\"https:\/\/www.lionspescia.it\/?page_id=354\"},{\"@type\":\"ListItem\",\"position\":4,\"name\":\"Annata Lionistica 2016\/2017\"}]},{\"@type\":\"WebSite\",\"@id\":\"https:\/\/www.lionspescia.it\/#website\",\"url\":\"https:\/\/www.lionspescia.it\/\",\"name\":\"Lions Club Pescia\",\"description\":\"Il sito web ufficiale del Lions Club Pescia\",\"potentialAction\":[{\"@type\":\"SearchAction\",\"target\":{\"@type\":\"EntryPoint\",\"urlTemplate\":\"https:\/\/www.lionspescia.it\/?s={search_term_string}\"},\"query-input\":\"required name=search_term_string\"}],\"inLanguage\":\"it-IT\"}]}<\/script>\n<!-- \/ Yoast SEO plugin. -->","yoast_head_json":{"title":"Annata Lionistica 2016\/2017 - Lions Club Pescia","robots":{"index":"index","follow":"follow","max-snippet":"max-snippet:-1","max-image-preview":"max-image-preview:large","max-video-preview":"max-video-preview:-1"},"canonical":"https:\/\/www.lionspescia.it\/?page_id=592","og_locale":"it_IT","og_type":"article","og_title":"Annata Lionistica 2016\/2017 - Lions Club Pescia","og_description":"Lo staff: Stefano Latini &#8211; Presidente Guja Guidi &#8211; Past Presidente Antonio Grassotti &#8211; 1\u00b0 Vice Presidente Luca Biscioni &#8211; 2\u00b0 Vice Presidente Antonio Grassotti &#8211; Segretario Gino Briganti &#8211; Cerimoniere Daniela Lari &#8211; Tesoriere Marco Baldanzi &#8211; Censore Fabio Angeli &#8211; Consigliere Marco Borgioli [&hellip;]","og_url":"https:\/\/www.lionspescia.it\/?page_id=592","og_site_name":"Lions Club Pescia","article_modified_time":"2017-07-08T17:37:31+00:00","og_image":[{"width":150,"height":215,"url":"https:\/\/www.lionspescia.it\/wp-content\/uploads\/2016\/03\/latini.jpg","type":"image\/jpeg"}],"twitter_card":"summary_large_image","twitter_misc":{"Tempo di lettura stimato":"4 minuti"},"schema":{"@context":"https:\/\/schema.org","@graph":[{"@type":"WebPage","@id":"https:\/\/www.lionspescia.it\/?page_id=592","url":"https:\/\/www.lionspescia.it\/?page_id=592","name":"Annata Lionistica 2016\/2017 - Lions Club Pescia","isPartOf":{"@id":"https:\/\/www.lionspescia.it\/#website"},"primaryImageOfPage":{"@id":"https:\/\/www.lionspescia.it\/?page_id=592#primaryimage"},"image":{"@id":"https:\/\/www.lionspescia.it\/?page_id=592#primaryimage"},"thumbnailUrl":"https:\/\/www.lionspescia.it\/wp-content\/uploads\/2016\/03\/latini.jpg","datePublished":"2016-04-07T14:18:15+00:00","dateModified":"2017-07-08T17:37:31+00:00","breadcrumb":{"@id":"https:\/\/www.lionspescia.it\/?page_id=592#breadcrumb"},"inLanguage":"it-IT","potentialAction":[{"@type":"ReadAction","target":["https:\/\/www.lionspescia.it\/?page_id=592"]}]},{"@type":"ImageObject","inLanguage":"it-IT","@id":"https:\/\/www.lionspescia.it\/?page_id=592#primaryimage","url":"https:\/\/www.lionspescia.it\/wp-content\/uploads\/2016\/03\/latini.jpg","contentUrl":"https:\/\/www.lionspescia.it\/wp-content\/uploads\/2016\/03\/latini.jpg","width":150,"height":215},{"@type":"BreadcrumbList","@id":"https:\/\/www.lionspescia.it\/?page_id=592#breadcrumb","itemListElement":[{"@type":"ListItem","position":1,"name":"Home","item":"https:\/\/www.lionspescia.it\/"},{"@type":"ListItem","position":2,"name":"Attivit\u00e0","item":"https:\/\/www.lionspescia.it\/?page_id=8"},{"@type":"ListItem","position":3,"name":"Le nostre attivit\u00e0 negli anni&#8230;","item":"https:\/\/www.lionspescia.it\/?page_id=354"},{"@type":"ListItem","position":4,"name":"Annata Lionistica 2016\/2017"}]},{"@type":"WebSite","@id":"https:\/\/www.lionspescia.it\/#website","url":"https:\/\/www.lionspescia.it\/","name":"Lions Club Pescia","description":"Il sito web ufficiale del Lions Club Pescia","potentialAction":[{"@type":"SearchAction","target":{"@type":"EntryPoint","urlTemplate":"https:\/\/www.lionspescia.it\/?s={search_term_string}"},"query-input":"required name=search_term_string"}],"inLanguage":"it-IT"}]}},"_links":{"self":[{"href":"https:\/\/www.lionspescia.it\/index.php?rest_route=\/wp\/v2\/pages\/592","targetHints":{"allow":["GET"]}}],"collection":[{"href":"https:\/\/www.lionspescia.it\/index.php?rest_route=\/wp\/v2\/pages"}],"about":[{"href":"https:\/\/www.lionspescia.it\/index.php?rest_route=\/wp\/v2\/types\/page"}],"author":[{"embeddable":true,"href":"https:\/\/www.lionspescia.it\/index.php?rest_route=\/wp\/v2\/users\/2"}],"replies":[{"embeddable":true,"href":"https:\/\/www.lionspescia.it\/index.php?rest_route=%2Fwp%2Fv2%2Fcomments&post=592"}],"version-history":[{"count":5,"href":"https:\/\/www.lionspescia.it\/index.php?rest_route=\/wp\/v2\/pages\/592\/revisions"}],"predecessor-version":[{"id":805,"href":"https:\/\/www.lionspescia.it\/index.php?rest_route=\/wp\/v2\/pages\/592\/revisions\/805"}],"up":[{"embeddable":true,"href":"https:\/\/www.lionspescia.it\/index.php?rest_route=\/wp\/v2\/pages\/354"}],"wp:featuredmedia":[{"embeddable":true,"href":"https:\/\/www.lionspescia.it\/index.php?rest_route=\/wp\/v2\/media\/439"}],"wp:attachment":[{"href":"https:\/\/www.lionspescia.it\/index.php?rest_route=%2Fwp%2Fv2%2Fmedia&parent=592"}],"curies":[{"name":"wp","href":"https:\/\/api.w.org\/{rel}","templated":true}]}}